{"id":1239,"date":"2022-03-07T09:36:26","date_gmt":"2022-03-07T08:36:26","guid":{"rendered":"https:\/\/paulusgemeinde-raunheim.de\/?page_id=1239"},"modified":"2022-03-07T09:36:26","modified_gmt":"2022-03-07T08:36:26","slug":"oekumenischer-singkreis","status":"publish","type":"page","link":"https:\/\/paulusgemeinde-raunheim.de\/?page_id=1239","title":{"rendered":"\u00d6kumenischer Singkreis"},"content":{"rendered":"\n<p> Der Singkreis in Raunheim wird durch die katholischen und evangelische Kirchengemeinde zu je 50% erm\u00f6glicht. <br>Er trifft sich regelm\u00e4\u00dfig (in Corona-Zeiten verschieden).<br>Kontakt: Thomas Brym (<a href=\"mailto:singkreis@paulusgemeinde-raunheim.de\" data-type=\"mailto\">MAIL SINGKREIS<\/a>)<\/p>\n\n\n\n<p>Beitrag zum Frieden in der Ukraine<\/p>\n\n\n\n<figure class=\"wp-block-embed is-type-video is-provider-youtube wp-block-embed-youtube wp-embed-aspect-16-9 wp-has-aspect-ratio\"><div class=\"wp-block-embed__wrapper\">\n<iframe loading=\"lazy\" title=\"Verleih uns Frieden gn\u00e4diglich - Kirchenchor - Matthias Nagel - F\u00fcr den Frieden in der Ukraine\" width=\"474\" height=\"267\" src=\"https:\/\/www.youtube.com\/embed\/YgnwKEYWnOc?feature=oembed\" frameborder=\"0\" allow=\"accelerometer; autoplay; clipboard-write; encrypted-media; gyroscope; picture-in-picture; web-share\" referrerpolicy=\"strict-origin-when-cross-origin\" allowfullscreen><\/iframe>\n<\/div><\/figure>\n\n\n\n<hr class=\"wp-block-separator\"\/>\n","protected":false},"excerpt":{"rendered":"<p>Der Singkreis in Raunheim wird durch die katholischen und evangelische Kirchengemeinde zu je 50% erm\u00f6glicht. Er trifft sich regelm\u00e4\u00dfig (in Corona-Zeiten verschieden).Kontakt: Thomas Brym (MAIL SINGKREIS) Beitrag zum Frieden in &hellip; <a href=\"https:\/\/paulusgemeinde-raunheim.de\/?page_id=1239\" class=\"more-link\"><span class=\"screen-reader-text\">\u00d6kumenischer Singkreis<\/span> weiterlesen <span class=\"meta-nav\">&rarr;<\/span><\/a><\/p>\n","protected":false},"author":1,"featured_media":0,"parent":0,"menu_order":0,"comment_status":"closed","ping_status":"closed","template":"","meta":{"footnotes":""},"class_list":["post-1239","page","type-page","status-publish","hentry"],"_links":{"self":[{"href":"https:\/\/paulusgemeinde-raunheim.de\/index.php?rest_route=\/wp\/v2\/pages\/1239","targetHints":{"allow":["GET"]}}],"collection":[{"href":"https:\/\/paulusgemeinde-raunheim.de\/index.php?rest_route=\/wp\/v2\/pages"}],"about":[{"href":"https:\/\/paulusgemeinde-raunheim.de\/index.php?rest_route=\/wp\/v2\/types\/page"}],"author":[{"embeddable":true,"href":"https:\/\/paulusgemeinde-raunheim.de\/index.php?rest_route=\/wp\/v2\/users\/1"}],"replies":[{"embeddable":true,"href":"https:\/\/paulusgemeinde-raunheim.de\/index.php?rest_route=%2Fwp%2Fv2%2Fcomments&post=1239"}],"version-history":[{"count":1,"href":"https:\/\/paulusgemeinde-raunheim.de\/index.php?rest_route=\/wp\/v2\/pages\/1239\/revisions"}],"predecessor-version":[{"id":1240,"href":"https:\/\/paulusgemeinde-raunheim.de\/index.php?rest_route=\/wp\/v2\/pages\/1239\/revisions\/1240"}],"wp:attachment":[{"href":"https:\/\/paulusgemeinde-raunheim.de\/index.php?rest_route=%2Fwp%2Fv2%2Fmedia&parent=1239"}],"curies":[{"name":"wp","href":"https:\/\/api.w.org\/{rel}","templated":true}]}}