{"id":1309,"date":"2022-06-04T12:34:50","date_gmt":"2022-06-04T10:34:50","guid":{"rendered":"https:\/\/paulusgemeinde-raunheim.de\/?page_id=1309"},"modified":"2022-06-04T12:42:42","modified_gmt":"2022-06-04T10:42:42","slug":"paramente","status":"publish","type":"page","link":"https:\/\/paulusgemeinde-raunheim.de\/?page_id=1309","title":{"rendered":"Kirchen-Paramente"},"content":{"rendered":"\n<p>Paramente oder Antependien sind liturgische Tuchst\u00fccke, die uns am Altar und Kanzel &#8211; je nach liturgischer Farbe &#8211; im gesamten Kirchenjahr in den Kirchengeb\u00e4uden begleiten. <br>In den beiden Raunheimer Kirchen findet sich eine interessante F\u00fclle von historischen und modernen Paramenten.<\/p>\n\n\n\n<figure class=\"wp-block-gallery columns-3 is-cropped wp-block-gallery-1 is-layout-flex wp-block-gallery-is-layout-flex\"><ul class=\"blocks-gallery-grid\"><li class=\"blocks-gallery-item\"><figure><img loading=\"lazy\" decoding=\"async\" width=\"885\" height=\"1024\" src=\"https:\/\/paulusgemeinde-raunheim.de\/wp-content\/uploads\/2022\/06\/PfaM-weiss-885x1024.jpg\" alt=\"\" data-id=\"1317\" data-full-url=\"https:\/\/paulusgemeinde-raunheim.de\/wp-content\/uploads\/2022\/06\/PfaM-weiss.jpg\" data-link=\"https:\/\/paulusgemeinde-raunheim.de\/?attachment_id=1317\" class=\"wp-image-1317\" srcset=\"https:\/\/paulusgemeinde-raunheim.de\/wp-content\/uploads\/2022\/06\/PfaM-weiss-885x1024.jpg 885w, https:\/\/paulusgemeinde-raunheim.de\/wp-content\/uploads\/2022\/06\/PfaM-weiss-259x300.jpg 259w, https:\/\/paulusgemeinde-raunheim.de\/wp-content\/uploads\/2022\/06\/PfaM-weiss-768x888.jpg 768w, https:\/\/paulusgemeinde-raunheim.de\/wp-content\/uploads\/2022\/06\/PfaM-weiss.jpg 931w\" sizes=\"auto, (max-width: 885px) 100vw, 885px\" \/><\/figure><\/li><li class=\"blocks-gallery-item\"><figure><img loading=\"lazy\" decoding=\"async\" width=\"848\" height=\"1024\" src=\"https:\/\/paulusgemeinde-raunheim.de\/wp-content\/uploads\/2022\/06\/PfaM-rot-848x1024.jpg\" alt=\"\" data-id=\"1316\" data-full-url=\"https:\/\/paulusgemeinde-raunheim.de\/wp-content\/uploads\/2022\/06\/PfaM-rot.jpg\" data-link=\"https:\/\/paulusgemeinde-raunheim.de\/?attachment_id=1316\" class=\"wp-image-1316\" srcset=\"https:\/\/paulusgemeinde-raunheim.de\/wp-content\/uploads\/2022\/06\/PfaM-rot-848x1024.jpg 848w, https:\/\/paulusgemeinde-raunheim.de\/wp-content\/uploads\/2022\/06\/PfaM-rot-248x300.jpg 248w, https:\/\/paulusgemeinde-raunheim.de\/wp-content\/uploads\/2022\/06\/PfaM-rot-768x928.jpg 768w, https:\/\/paulusgemeinde-raunheim.de\/wp-content\/uploads\/2022\/06\/PfaM-rot.jpg 875w\" sizes=\"auto, (max-width: 848px) 100vw, 848px\" \/><\/figure><\/li><li class=\"blocks-gallery-item\"><figure><img loading=\"lazy\" decoding=\"async\" width=\"501\" height=\"677\" src=\"https:\/\/paulusgemeinde-raunheim.de\/wp-content\/uploads\/2022\/06\/Pfam-gruen.jpg\" alt=\"\" data-id=\"1315\" data-full-url=\"https:\/\/paulusgemeinde-raunheim.de\/wp-content\/uploads\/2022\/06\/Pfam-gruen.jpg\" data-link=\"https:\/\/paulusgemeinde-raunheim.de\/?attachment_id=1315\" class=\"wp-image-1315\" srcset=\"https:\/\/paulusgemeinde-raunheim.de\/wp-content\/uploads\/2022\/06\/Pfam-gruen.jpg 501w, https:\/\/paulusgemeinde-raunheim.de\/wp-content\/uploads\/2022\/06\/Pfam-gruen-222x300.jpg 222w\" sizes=\"auto, (max-width: 501px) 100vw, 501px\" \/><\/figure><\/li><li class=\"blocks-gallery-item\"><figure><img loading=\"lazy\" decoding=\"async\" width=\"683\" height=\"1024\" src=\"https:\/\/paulusgemeinde-raunheim.de\/wp-content\/uploads\/2022\/06\/Kias-weiss-Kanzel-683x1024.jpg\" alt=\"\" data-id=\"1314\" data-full-url=\"https:\/\/paulusgemeinde-raunheim.de\/wp-content\/uploads\/2022\/06\/Kias-weiss-Kanzel.jpg\" data-link=\"https:\/\/paulusgemeinde-raunheim.de\/?attachment_id=1314\" class=\"wp-image-1314\" srcset=\"https:\/\/paulusgemeinde-raunheim.de\/wp-content\/uploads\/2022\/06\/Kias-weiss-Kanzel-683x1024.jpg 683w, https:\/\/paulusgemeinde-raunheim.de\/wp-content\/uploads\/2022\/06\/Kias-weiss-Kanzel-200x300.jpg 200w, https:\/\/paulusgemeinde-raunheim.de\/wp-content\/uploads\/2022\/06\/Kias-weiss-Kanzel-768x1152.jpg 768w, https:\/\/paulusgemeinde-raunheim.de\/wp-content\/uploads\/2022\/06\/Kias-weiss-Kanzel-1024x1536.jpg 1024w, https:\/\/paulusgemeinde-raunheim.de\/wp-content\/uploads\/2022\/06\/Kias-weiss-Kanzel.jpg 1200w\" sizes=\"auto, (max-width: 683px) 100vw, 683px\" \/><\/figure><\/li><li class=\"blocks-gallery-item\"><figure><img loading=\"lazy\" decoding=\"async\" width=\"683\" height=\"1024\" src=\"https:\/\/paulusgemeinde-raunheim.de\/wp-content\/uploads\/2022\/06\/Kias-violett-683x1024.jpg\" alt=\"\" data-id=\"1313\" data-full-url=\"https:\/\/paulusgemeinde-raunheim.de\/wp-content\/uploads\/2022\/06\/Kias-violett.jpg\" data-link=\"https:\/\/paulusgemeinde-raunheim.de\/?attachment_id=1313\" class=\"wp-image-1313\" srcset=\"https:\/\/paulusgemeinde-raunheim.de\/wp-content\/uploads\/2022\/06\/Kias-violett-683x1024.jpg 683w, https:\/\/paulusgemeinde-raunheim.de\/wp-content\/uploads\/2022\/06\/Kias-violett-200x300.jpg 200w, https:\/\/paulusgemeinde-raunheim.de\/wp-content\/uploads\/2022\/06\/Kias-violett-768x1152.jpg 768w, https:\/\/paulusgemeinde-raunheim.de\/wp-content\/uploads\/2022\/06\/Kias-violett-1024x1536.jpg 1024w, https:\/\/paulusgemeinde-raunheim.de\/wp-content\/uploads\/2022\/06\/Kias-violett.jpg 1200w\" sizes=\"auto, (max-width: 683px) 100vw, 683px\" \/><\/figure><\/li><li class=\"blocks-gallery-item\"><figure><img loading=\"lazy\" decoding=\"async\" width=\"596\" height=\"1024\" src=\"https:\/\/paulusgemeinde-raunheim.de\/wp-content\/uploads\/2022\/06\/Kias-rot-596x1024.jpg\" alt=\"\" data-id=\"1312\" data-full-url=\"https:\/\/paulusgemeinde-raunheim.de\/wp-content\/uploads\/2022\/06\/Kias-rot.jpg\" data-link=\"https:\/\/paulusgemeinde-raunheim.de\/?attachment_id=1312\" class=\"wp-image-1312\" srcset=\"https:\/\/paulusgemeinde-raunheim.de\/wp-content\/uploads\/2022\/06\/Kias-rot-596x1024.jpg 596w, https:\/\/paulusgemeinde-raunheim.de\/wp-content\/uploads\/2022\/06\/Kias-rot-175x300.jpg 175w, https:\/\/paulusgemeinde-raunheim.de\/wp-content\/uploads\/2022\/06\/Kias-rot.jpg 623w\" sizes=\"auto, (max-width: 596px) 100vw, 596px\" \/><\/figure><\/li><li class=\"blocks-gallery-item\"><figure><img loading=\"lazy\" decoding=\"async\" width=\"683\" height=\"1024\" src=\"https:\/\/paulusgemeinde-raunheim.de\/wp-content\/uploads\/2022\/06\/Kias-rot-Kanzel-683x1024.jpg\" alt=\"\" data-id=\"1311\" data-full-url=\"https:\/\/paulusgemeinde-raunheim.de\/wp-content\/uploads\/2022\/06\/Kias-rot-Kanzel.jpg\" data-link=\"https:\/\/paulusgemeinde-raunheim.de\/?attachment_id=1311\" class=\"wp-image-1311\" srcset=\"https:\/\/paulusgemeinde-raunheim.de\/wp-content\/uploads\/2022\/06\/Kias-rot-Kanzel-683x1024.jpg 683w, https:\/\/paulusgemeinde-raunheim.de\/wp-content\/uploads\/2022\/06\/Kias-rot-Kanzel-200x300.jpg 200w, https:\/\/paulusgemeinde-raunheim.de\/wp-content\/uploads\/2022\/06\/Kias-rot-Kanzel-768x1152.jpg 768w, https:\/\/paulusgemeinde-raunheim.de\/wp-content\/uploads\/2022\/06\/Kias-rot-Kanzel-1024x1536.jpg 1024w, https:\/\/paulusgemeinde-raunheim.de\/wp-content\/uploads\/2022\/06\/Kias-rot-Kanzel.jpg 1200w\" sizes=\"auto, (max-width: 683px) 100vw, 683px\" \/><\/figure><\/li><\/ul><\/figure>\n\n\n\n<p>Martina Schauwienold hatte &#8211; selbst dadurch begeistert von dieser besonderen Art des Gottesdienstes &#8211;  eine Beschreibung in 2018 in 5 Ausgaben des Blickkontaktes vorgenommen. <\/p>\n\n\n\n<p>Hier finden sich diese Berichte wieder. Klicken Sie auf den Link und sehen Sie sich die interessanten Berichte an:<\/p>\n\n\n\n<ul class=\"wp-block-list\"><li><a href=\"https:\/\/paulusgemeinde-raunheim.de\/wp-content\/uploads\/2022\/06\/2018-02-BK_Paramente-violett8-13.pdf\" target=\"_blank\" rel=\"noreferrer noopener\">Blickkontakt 2018-02<\/a> (Seite 8-13) &#8211; Violett<\/li><li><a href=\"https:\/\/paulusgemeinde-raunheim.de\/wp-content\/uploads\/2022\/06\/2018-03-BK_Paramente-weiss7-13.pdf\" target=\"_blank\" rel=\"noreferrer noopener\">Blickkontakt 2018-03<\/a> (Seite 7-13) &#8211; Wei\u00df<\/li><li><a href=\"https:\/\/paulusgemeinde-raunheim.de\/wp-content\/uploads\/2022\/06\/2018-04-BK_Paramente-gruen9-16.pdf\" target=\"_blank\" rel=\"noreferrer noopener\">Blickkontakt 2018-04<\/a> (Seite 9-16) &#8211; Gr\u00fcn<\/li><li><a href=\"https:\/\/paulusgemeinde-raunheim.de\/wp-content\/uploads\/2022\/06\/2018-05-BK_Paramente-rot6-14.pdf\" target=\"_blank\" rel=\"noreferrer noopener\">Blickkontakt 2018-05<\/a> (Seite 6-14) &#8211; Rot<\/li><li><a href=\"https:\/\/paulusgemeinde-raunheim.de\/wp-content\/uploads\/2022\/06\/2018-06-BK_Paramente-all18-22.pdf\" target=\"_blank\" rel=\"noreferrer noopener\">Blickkontakt 2018-06<\/a> (Seite 18-22) &#8211; Allgemein\/Abschluss<\/li><\/ul>\n","protected":false},"excerpt":{"rendered":"<p>Paramente oder Antependien sind liturgische Tuchst\u00fccke, die uns am Altar und Kanzel &#8211; je nach liturgischer Farbe &#8211; im gesamten Kirchenjahr in den Kirchengeb\u00e4uden begleiten. In den beiden Raunheimer Kirchen &hellip; <a href=\"https:\/\/paulusgemeinde-raunheim.de\/?page_id=1309\" class=\"more-link\"><span class=\"screen-reader-text\">Kirchen-Paramente<\/span> weiterlesen <span class=\"meta-nav\">&rarr;<\/span><\/a><\/p>\n","protected":false},"author":1,"featured_media":0,"parent":0,"menu_order":0,"comment_status":"closed","ping_status":"closed","template":"","meta":{"footnotes":""},"class_list":["post-1309","page","type-page","status-publish","hentry"],"_links":{"self":[{"href":"https:\/\/paulusgemeinde-raunheim.de\/index.php?rest_route=\/wp\/v2\/pages\/1309","targetHints":{"allow":["GET"]}}],"collection":[{"href":"https:\/\/paulusgemeinde-raunheim.de\/index.php?rest_route=\/wp\/v2\/pages"}],"about":[{"href":"https:\/\/paulusgemeinde-raunheim.de\/index.php?rest_route=\/wp\/v2\/types\/page"}],"author":[{"embeddable":true,"href":"https:\/\/paulusgemeinde-raunheim.de\/index.php?rest_route=\/wp\/v2\/users\/1"}],"replies":[{"embeddable":true,"href":"https:\/\/paulusgemeinde-raunheim.de\/index.php?rest_route=%2Fwp%2Fv2%2Fcomments&post=1309"}],"version-history":[{"count":6,"href":"https:\/\/paulusgemeinde-raunheim.de\/index.php?rest_route=\/wp\/v2\/pages\/1309\/revisions"}],"predecessor-version":[{"id":1328,"href":"https:\/\/paulusgemeinde-raunheim.de\/index.php?rest_route=\/wp\/v2\/pages\/1309\/revisions\/1328"}],"wp:attachment":[{"href":"https:\/\/paulusgemeinde-raunheim.de\/index.php?rest_route=%2Fwp%2Fv2%2Fmedia&parent=1309"}],"curies":[{"name":"wp","href":"https:\/\/api.w.org\/{rel}","templated":true}]}}