{"id":701,"date":"2020-11-29T23:43:57","date_gmt":"2020-11-29T22:43:57","guid":{"rendered":"https:\/\/paulusgemeinde-raunheim.de\/?page_id=701"},"modified":"2026-02-15T11:26:48","modified_gmt":"2026-02-15T10:26:48","slug":"pauluskalender","status":"publish","type":"page","link":"https:\/\/paulusgemeinde-raunheim.de\/?page_id=701","title":{"rendered":"Pauluskalender"},"content":{"rendered":"\n<p>Der Pauluskalender stellt in einer 4-Monats-\u00dcbersicht die Veranstaltungen und weitere Informationen der Paulusgemeinde Raunheim \u00fcbersichtlich dar. <br>Im Blickkontakt kann der Pauluskalender aus der Mitte heraus geheftet und aufgeh\u00e4ngt werden. <br>Teils werden &#8211; bei \u00dcberschneidungen &#8211; der vorauslaufende und der neue Pauluskalender angezeigt.<\/p>\n\n\n\n<h4 class=\"wp-block-heading has-text-align-center\"><strong>Pauluskalender aus <\/strong>Blickkontakt 2026-02<\/h4>\n\n\n<a href=\"https:\/\/paulusgemeinde-raunheim.de\/wp-content\/uploads\/2026\/02\/2026-02-Blickkontakt-Pauluskalender.pdf\" class=\"pdfemb-viewer\" style=\"\" data-width=\"max\" data-height=\"max\" data-toolbar=\"top\" data-toolbar-fixed=\"off\">2026-02-Blickkontakt-Pauluskalender<\/a>\n\n\n<h4 class=\"wp-block-heading\"><a href=\"https:\/\/paulusgemeinde-raunheim.de\/wp-content\/uploads\/2026\/02\/2026-02-Blickkontakt-Pauluskalender.pdf\" target=\"_blank\" rel=\"noreferrer noopener\">Pauluskalender als PDF DOWNLOAD<\/a><\/h4>\n\n\n\n<p><\/p>\n\n\n\n<p><a rel=\"noreferrer noopener\" href=\"https:\/\/paulusgemeinde-raunheim.de\/wp-content\/uploads\/2023\/05\/Pauluskalender-Erlaeuterungen.pdf\" target=\"_blank\">Erl\u00e4uterungen zum Pauluskalender<\/a><a rel=\"noreferrer noopener\" href=\"https:\/\/paulusgemeinde-raunheim.de\/wp-content\/uploads\/2023\/05\/Pauluskalender-Erlaeuterungen.pdf\" target=\"_blank\"> <\/a><a rel=\"noreferrer noopener\" href=\"https:\/\/paulusgemeinde-raunheim.de\/wp-content\/uploads\/2023\/05\/Pauluskalender-Erlaeuterungen.pdf\" target=\"_blank\">a<\/a><a rel=\"noreferrer noopener\" href=\"https:\/\/paulusgemeinde-raunheim.de\/wp-content\/uploads\/2023\/05\/Pauluskalender-Erlaeuterungen.pdf\" target=\"_blank\">l<\/a><a rel=\"noreferrer noopener\" href=\"https:\/\/paulusgemeinde-raunheim.de\/wp-content\/uploads\/2023\/05\/Pauluskalender-Erlaeuterungen.pdf\" target=\"_blank\">s<\/a><a rel=\"noreferrer noopener\" href=\"https:\/\/paulusgemeinde-raunheim.de\/wp-content\/uploads\/2023\/05\/Pauluskalender-Erlaeuterungen.pdf\" target=\"_blank\"> <\/a><a rel=\"noreferrer noopener\" href=\"https:\/\/paulusgemeinde-raunheim.de\/wp-content\/uploads\/2023\/05\/Pauluskalender-Erlaeuterungen.pdf\" target=\"_blank\">P<\/a><a rel=\"noreferrer noopener\" href=\"https:\/\/paulusgemeinde-raunheim.de\/wp-content\/uploads\/2023\/05\/Pauluskalender-Erlaeuterungen.pdf\" target=\"_blank\">D<\/a><a href=\"https:\/\/paulusgemeinde-raunheim.de\/wp-content\/uploads\/2023\/05\/Pauluskalender-Erlaeuterungen.pdf\" target=\"_blank\" rel=\"noreferrer noopener\">F<\/a><a rel=\"noreferrer noopener\" href=\"https:\/\/paulusgemeinde-raunheim.de\/wp-content\/uploads\/2023\/05\/Pauluskalender-Erlaeuterungen.pdf\" target=\"_blank\"> finden Sie hier<\/a><\/p>\n","protected":false},"excerpt":{"rendered":"<p>Der Pauluskalender stellt in einer 4-Monats-\u00dcbersicht die Veranstaltungen und weitere Informationen der Paulusgemeinde Raunheim \u00fcbersichtlich dar. Im Blickkontakt kann der Pauluskalender aus der Mitte heraus geheftet und aufgeh\u00e4ngt werden. Teils &hellip; <a href=\"https:\/\/paulusgemeinde-raunheim.de\/?page_id=701\" class=\"more-link\"><span class=\"screen-reader-text\">Pauluskalender<\/span> weiterlesen <span class=\"meta-nav\">&rarr;<\/span><\/a><\/p>\n","protected":false},"author":1,"featured_media":0,"parent":0,"menu_order":0,"comment_status":"closed","ping_status":"closed","template":"","meta":{"footnotes":""},"class_list":["post-701","page","type-page","status-publish","hentry"],"_links":{"self":[{"href":"https:\/\/paulusgemeinde-raunheim.de\/index.php?rest_route=\/wp\/v2\/pages\/701","targetHints":{"allow":["GET"]}}],"collection":[{"href":"https:\/\/paulusgemeinde-raunheim.de\/index.php?rest_route=\/wp\/v2\/pages"}],"about":[{"href":"https:\/\/paulusgemeinde-raunheim.de\/index.php?rest_route=\/wp\/v2\/types\/page"}],"author":[{"embeddable":true,"href":"https:\/\/paulusgemeinde-raunheim.de\/index.php?rest_route=\/wp\/v2\/users\/1"}],"replies":[{"embeddable":true,"href":"https:\/\/paulusgemeinde-raunheim.de\/index.php?rest_route=%2Fwp%2Fv2%2Fcomments&post=701"}],"version-history":[{"count":37,"href":"https:\/\/paulusgemeinde-raunheim.de\/index.php?rest_route=\/wp\/v2\/pages\/701\/revisions"}],"predecessor-version":[{"id":2408,"href":"https:\/\/paulusgemeinde-raunheim.de\/index.php?rest_route=\/wp\/v2\/pages\/701\/revisions\/2408"}],"wp:attachment":[{"href":"https:\/\/paulusgemeinde-raunheim.de\/index.php?rest_route=%2Fwp%2Fv2%2Fmedia&parent=701"}],"curies":[{"name":"wp","href":"https:\/\/api.w.org\/{rel}","templated":true}]}}