{"id":718,"date":"2020-12-06T21:02:29","date_gmt":"2020-12-06T20:02:29","guid":{"rendered":"https:\/\/paulusgemeinde-raunheim.de\/?page_id=718"},"modified":"2020-12-06T21:02:29","modified_gmt":"2020-12-06T20:02:29","slug":"datenschutzerklaerung","status":"publish","type":"page","link":"https:\/\/paulusgemeinde-raunheim.de\/?page_id=718","title":{"rendered":"Datenschutzerkl\u00e4rung"},"content":{"rendered":"\n<p><strong><a>der Evangelischen Paulusgemeinde Raunheim<\/a><\/strong><br><a href=\"http:\/\/paulusgemeinde-raunheim.de\">www.paulusgemeinde-raunheim.de<\/a> <\/p>\n\n\n\n<p><strong>Die Evangelische Paulusgemeinde Raunheim<\/strong> nimmt als Einrichtung der Evangelischen Kirche in Hessen und Nassau (EKHN) den Schutz Ihrer pers\u00f6nlichen Daten sehr ernst und behandeln Ihre personenbezogenen Daten vertraulich und entsprechend <a>dem Kirchengesetz \u00fcber den Datenschutz der Evangelischen Kirche in Deutschland (<\/a><a href=\"https:\/\/www.kirchenrecht-ekhn.de\/document\/39599\">EKD-Datenschutzgesetz \u2013 DSG-EKD<\/a><a>) <\/a>sowie dieser Datenschutzerkl\u00e4rung (nach \u00a7\u00a7 17 und 25 DSG-EKD). <br>Die gesetzlichen Vorgaben verlangen umfassende Transparenz \u00fcber die Verarbeitung personenbezogener Daten. Unsere Datenschutzerkl\u00e4rung informiert Sie deshalb ausf\u00fchrlich dar\u00fcber, welche personenbezogenen Daten von uns bei der Nutzung der Internetseite <a rel=\"noreferrer noopener\" aria-label=\" (\u00f6ffnet in neuem Tab)\" href=\"https:\/\/paulusgemeinde-raunheim.de\" target=\"_blank\">(www.paulusgemeinde-raunheim.de)<\/a> verarbeitet werden.<\/p>\n\n\n\n<p><strong>I. Verantwortliche Stelle im Sinne von \u00a7 4 Nr. 9 DSG-EKD:<\/strong><br><br><strong>Verantwortlicher im Sinne des Kirchengesetzes \u00fcber den Datenschutz der Evangelischen<\/strong> Kirche in Deutschland (DSG-EKD)  als auch die lokal Beauftragten finden Sie nachstehend<\/p>\n\n\n\n<figure class=\"wp-block-table\"><table class=\"\"><thead><tr><td><strong>Verantwortlich <\/strong><\/td><td> <strong>Lokal Beauftragter f\u00fcr den Datenschutz<\/strong> <\/td><\/tr><\/thead><tbody><tr><td>Paulusgemeinde Raunheim<br>Vorsitz des Kirchenvorstands<br>Niddastr. 15, 65479 Raunheim<br><a href=\"mailto:online@paulusgemeinde-raunheim.de\">Mail<\/a> \/ 06142-43955 <\/td><td>Paulusgemeinde Raunheim<br>Vorsitz des Kirchenvorstands<br>Niddastr. 15, 65479 Raunheim<br><a href=\"mailto:online@paulusgemeinde-raunheim.de\">Mail<\/a> \/ 06142-43955  <\/td><\/tr><\/tbody><\/table><\/figure>\n\n\n\n<p>Bitte beachten Sie, dass Sie \u00fcber\nLinks auf unserer Internetseite zu anderen Internetseiten gelangen k\u00f6nnen, die\nnicht von uns, sondern von Dritten betrieben werden. Solche Links werden von\nuns entweder eindeutig gekennzeichnet oder sind durch einen Wechsel in der\nAdresszeile Ihres Browsers erkennbar. F\u00fcr die Einhaltung der\ndatenschutzrechtlichen Bestimmungen und einen sicheren Umgang mit Ihren\npersonenbezogenen Daten auf diesen von Dritten betriebenen Internetseiten sind\nwir nicht verantwortlich.<\/p>\n\n\n\n<p><strong>II. Datenverarbeitung im Zusammenhang mit der Nutzung dieser Internetseite<\/strong><br><br>Die Nutzung der Internetseite (<a href=\"http:\/\/www.paulusgemeinde-raunheim.de\/\">www.paulusgemeinde-raunheim.de<\/a>) ist in der Regel ohne Angabe personenbezogener Daten m\u00f6glich. Soweit auf unseren Seiten personenbezogene Daten (beispielsweise Namen, Anschriften oder E-Mail-Adressen) erhoben werden, erfolgt dies, soweit m\u00f6glich, stets auf freiwilliger Basis. Diese Daten werden ohne Ihre ausdr\u00fcckliche Zustimmung nicht an Dritte weitergegeben. Die nachfolgende Erkl\u00e4rung gibt Ihnen einen \u00dcberblick dar\u00fcber, wie dieser Schutz gew\u00e4hrleistet werden soll und welche Art von Daten zu welchem Zweck von Ihnen erhoben werden.<br>Die Evangelische Paulusgemeinde Raunheim weist darauf hin, dass die Daten\u00fcbertragung im Internet (z.B. bei der Kommunikation per E-Mail) Sicherheitsl\u00fccken aufweisen kann. Ein l\u00fcckenloser Schutz der Daten vor dem Zugriff durch Dritte ist nicht m\u00f6glich.<\/p>\n\n\n\n<p><strong>1. Server-Log-Files<\/strong><br>Im Allgemeinen ist es f\u00fcr die Nutzung der Internetseite <a rel=\"noreferrer noopener\" aria-label=\" (\u00f6ffnet in neuem Tab)\" href=\"http:\/\/www.paulusgemeinde-raunheim.de\" target=\"_blank\">(www.paulusgemeinde-raunheim.de)<\/a> nicht erforderlich, dass Sie personenbezogene Daten angeben. Um die Zugriffs-Statistik auf die Internetseite zu erheben, werden folgende Daten automatisch in Log-Files des Servers erhoben und gespeichert, die der Browser \u00fcbermittelt. Diese sind:<\/p>\n\n\n\n<ul class=\"wp-block-list\"><li>IP-Adresse des Ger\u00e4ts, von dem Sie auf unsere Internetseite zugreifen.<\/li><li>Informationen zu dem von Ihnen genutzten Ger\u00e4t (u.&nbsp;a. Version des\nBetriebssystems und Browser-Typ \/ -Version \/ -Sprache.<\/li><li>Name Ihres Internet Service Providers. <\/li><li>Datum und Uhrzeit der Server-Anfrage. <\/li><li>Webseite, von der aus Sie uns besuchen (Referrer-URL). <\/li><li>Webseiten, die Sie bei uns besuchen. <\/li><\/ul>\n\n\n\n<p>Eine Zusammenf\u00fchrung dieser Daten mit anderen Datenquellen wird nicht vorgenommen.<br>Rechtsgrundlage der Verarbeitung ist \u00a7 6 Nr. 4 DSG-EKD (Wahrnehmung einer sonstigen Aufgabe erforderlich, die im kirchlichen Interesse liegt).<\/p>\n\n\n\n<p><strong>2. Umgang mit Daten f\u00fcr Dienstleistungen<\/strong><br>Damit wir bestimmte Dienstleistungen erbringen k\u00f6nnen, ben\u00f6tigen wir ggf. Ihre personenbezogenen Daten. Dies gilt sowohl bei der Zusendung des Newsletters, von Informationsmaterial oder bestellter Materialien sowie auch f\u00fcr die Beantwortung individueller Anfragen. <br>Wir speichern nur Daten, die f\u00fcr die Erbringung der Dienstleistung notwendig sind (z.&nbsp;B. die Adresse oder die E-Mail-Adresse). Falls wir eine der beschriebenen Handlungen vornehmen oder Leistungen erbringen und wir dazu Ihre personenbezogenen Daten erheben und speichern, werden Sie an der entsprechenden Stelle unserer Internetseite um Ihre ausdr\u00fcckliche Einwilligung gebeten. <br>Ihre Einwilligung ist gem\u00e4\u00df \u00a7 11 Abs. 3 DSG-EKD jederzeit frei widerruflich.<br>Rechtsgrundlage der Verarbeitung ist \u00a7 6 Nr. 2 DSG-EKD (Einwilligung).<\/p>\n\n\n\n<p><strong>3. Kontaktformular<\/strong><br>Wenn Sie uns per Kontaktformular (sofern vorhanden) Anfragen zukommen lassen, werden Ihre Angaben aus dem Anfrageformular inklusive der von Ihnen dort angegebenen Kontaktdaten zwecks Bearbeitung der Anfrage und f\u00fcr den Fall von Anschlussfragen bei uns gespeichert. Diese Daten geben wir nicht ohne Ihre Einwilligung weiter.<br>Rechtsgrundlage der Verarbeitung ist, je nach dem Gegenstand Ihrer Anfrage, \u00a7 6 Nr. 3 DSG-EKD (Erf\u00fcllung der Aufgaben der verantwortlichen Stelle), \u00a7 6 Nr. 4 DSG-EKD (Wahrnehmung einer sonstigen Aufgabe, die im kirchlichen Interesse liegt) oder \u00a7 6 Nr. 5 DSG-EKD (Durchf\u00fchrung vorvertraglicher Ma\u00dfnahmen).<\/p>\n\n\n\n<p><strong>4. Verwendung von Cookies<\/strong><br>Die Internetseiten der <strong>Evangelischen Paulusgemeinde Raunheim <\/strong>verwendet teilweise sogenannte Cookies. Cookies richten auf Ihrem Rechner keinen Schaden an und enthalten keine Viren. Cookies dienen dazu, unser Angebot nutzerfreundlicher, effektiver und sicherer zu machen. Cookies sind kleine Textdateien, die auf Ihrem Rechner abgelegt werden und die Ihr Browser speichert. <br>Die meisten der von uns verwendeten Cookies sind sogenannte \u201eSession-Cookies\u201c. Sie werden nach Ende Ihres Besuchs automatisch gel\u00f6scht. Andere Cookies bleiben auf Ihrem Endger\u00e4t gespeichert, bis Sie diese l\u00f6schen. Diese Cookies erm\u00f6glichen es uns, Ihren Browser beim n\u00e4chsten Besuch wiederzuerkennen.<br>Beim ersten Aufruf unserer Internetseite k\u00f6nnen Sie w\u00e4hlen, welche Cookies Sie zulassen m\u00f6chten (Cookie Opt-In). Zur Speicherung Ihrer Datenschutz-Einstellungen hinterlegt unsere Internetseite ein Cookie f\u00fcr 365 Tage. <br> Bei der Deaktivierung von Cookies kann die Funktionalit\u00e4t dieser Internetseite eingeschr\u00e4nkt sein. <br>Die Speicherung Ihrer personenbezogenen Daten erfolgt auf Grundlage von \u00a7 6 Nr. 4 DSG-EKD.<\/p>\n\n\n\n<p><strong>4. Soziale Netzwerke<\/strong><br>Auf dieser Internetseite verlinken wir ggf. auf soziale Netzwerke wie Facebook, Twitter, Instagram und YouTube. Dabei handelt es sich um externe Links, bei denen erst durch deren Aufruf eine Verbindung mit den Servern der anderen Internetseite hergestellt wird. Wenn Sie von unserer Seite aus zu einem sozialen Netzwerk surfen, verlassen Sie unsere Seite und damit auch den Verantwortungsbereich der <strong>Evangelischen Paulusgemeinde Raunheim<\/strong>.<\/p>\n\n\n\n<p><a><strong>Plug-ins sozialer Netzwerke<\/strong><\/a><br>Allgemein gilt f\u00fcr Plug-ins von Facebook, Twitter und Instagram:<\/p>\n\n\n\n<p>Wir verwenden auf unserer Internetseite f\u00fcr das Einbinden von Social Plug-ins eine technische L\u00f6sung (\u201eZwei Klick mehr f\u00fcr Datenschutz\u201c; N\u00e4heres unter <a rel=\"noreferrer noopener\" href=\"https:\/\/www.heise.de\/ct\/artikel\/2-Klicks-fuer-mehr-Datenschutz-1333879.html\" target=\"_blank\">https:\/\/www.heise.de\/ct\/artikel\/2-Klicks-fuer-mehr-Datenschutz-1333879.html<\/a>), die die Schaltfl\u00e4chen f\u00fcr soziale Netzwerke ersetzt. Diese L\u00f6sung verhindert eine direkte \u00dcbermittlung Ihrer Daten an die sozialen Netzwerke und verhindert das Auslesen und Abspeichern von Informationen durch diese Anbieter auf Ihrem Endger\u00e4t. Beim Aufruf unserer Internetseite wird daher noch keine Verbindung zu den Servern der sozialen Netzwerke hergestellt. Die Plug-ins sozialer Netzwerke, \u00fcber die Sie Inhalte teilen oder empfehlen k\u00f6nnen, sind zun\u00e4chst inaktiv. Inaktive Plug-ins werden grau dargestellt. Sie k\u00f6nnen ein Plug-in aktivieren, indem Sie den daneben dargestellten Schalter anklicken. Ein aktives Plug-in wird farbig dargestellt. Dies bedeutet, dass wie unten beschrieben personenbezogene Daten verarbeitet werden. Nur mit einem aktivierten Plug-in k\u00f6nnen Sie dessen Funktion nutzen, also zum Beispiel einen Inhalt teilen.<br>Indem Sie ein Plug-in aktivieren, erkl\u00e4ren Sie Ihre Einwilligung mit der Verarbeitung personenbezogener Daten und der \u00dcbermittlung der Daten zu den Servern der Anbieter. Ihre Einwilligung ist gem\u00e4\u00df \u00a7 11 Abs. 3 DSG-EKD jederzeit frei widerruflich. Sie k\u00f6nnen Ihre Einwilligung widerrufen, indem Sie das betreffende Plug-in wieder deaktivieren.<br>Rechtsgrundlage der Verarbeitung ist \u00a7 6 Nr. 2 DSG-EKD (Einwilligung)<\/p>\n\n\n\n<p><strong>Facebook-Plug-ins (Like-Button)<\/strong><br>Auf unseren Seiten sind ggf. Plug-ins des sozialen Netzwerks Facebook integriert. Anbieter <a>ist <\/a>Facebook Ireland Limited, 4 Grand Canal Square, Dublin 2, Ireland, eine Tochter von Facebook Inc., 1 Hacker Way, Menlo Park, California 94025, USA. Die Facebook-Plug-ins erkennen Sie an dem Facebook-Logo oder dem &#8222;Like-Button&#8220; (&#8222;Gef\u00e4llt mir&#8220;) auf unserer Seite. Eine \u00dcbersicht \u00fcber die Facebook-Plug-ins finden Sie hier: <a rel=\"noreferrer noopener\" href=\"https:\/\/developers.facebook.com\/docs\/plugins\/\" target=\"_blank\">https:\/\/developers.facebook.com\/docs\/plugins\/<\/a>.<br>Wenn Sie nicht w\u00fcnschen, dass Facebook den Besuch unserer Seiten Ihrem Facebook-Nutzerkonto zuordnen kann, loggen Sie sich bitte aus Ihrem Facebook-Benutzerkonto aus.<\/p>\n\n\n\n<p><strong>Twitter<\/strong><br>Auf unseren Seiten sind ggf. Funktionen des Dienstes Twitter eingebunden und sind mit einem Twitter-Logo gekennzeichnet. Diese Funktionen werden angeboten durch die Twitter Inc., 1355 Market Street, Suite 900, San Francisco, CA 94103, USA. <br><a>Wenn Sie das Plug-in aktiviert haben, gilt: <\/a>Durch das Benutzen von Twitter und der Funktion &#8222;Re-Tweet&#8220; werden die von Ihnen besuchten Internetseiten mit Ihrem Twitter-Account verkn\u00fcpft und anderen Nutzern bekannt gegeben. Dabei werden auch Daten an Twitter \u00fcbertragen. Wir weisen darauf hin, dass wir als Anbieter der Seiten keine Kenntnis vom Inhalt der \u00fcbermittelten Daten sowie deren Nutzung durch Twitter erhalten. Weitere Informationen hierzu finden Sie in der Datenschutzerkl\u00e4rung von Twitter unter <a rel=\"noreferrer noopener\" href=\"https:\/\/twitter.com\/privacy\" target=\"_blank\">https:\/\/twitter.com\/privacy<\/a>.<br>Ihre Datenschutzeinstellungen bei Twitter k\u00f6nnen Sie in den Konto-Einstellungen unter <a rel=\"noreferrer noopener\" href=\"https:\/\/twitter.com\/account\/settings\" target=\"_blank\">https:\/\/twitter.com\/account\/settings<\/a> \u00e4ndern.<\/p>\n\n\n\n<p><strong>Instagram<\/strong><br>Auf unserer Internetseite werden ggf. sogenannte Social Plug-in von Instagram verwendet. <a>Anbieter ist <\/a>Facebook Ireland Limited, 4 Grand Canal Square, Dublin 2, Ireland, eine Tochter von Facebook Inc., 1 Hacker Way, Menlo Park, California 94025, USA. Die Plug-ins sind mit einem Instagram-Logo beispielsweise in Form einer \u201eInstagram-Kamera\u201c gekennzeichnet. <br>Wenn Sie eine Seite unseres Webauftritts aufrufen, die ein solches Plug-in enth\u00e4lt, und das Plug-in aktiviert haben, stellt Ihr Browser eine direkte Verbindung zu den Servern von Instagram her. Der Inhalt des Plug-in wird von Instagram direkt an Ihren Browser \u00fcbermittelt und in die Seite eingebunden. Durch diese Einbindung erh\u00e4lt Instagram die Information, dass Ihr Browser die entsprechende Seite unseres Webauftritts aufgerufen hat, auch wenn Sie kein Instagram-Profil besitzen oder gerade nicht bei Instagram eingeloggt sind. Diese Information (einschlie\u00dflich Ihrer IP-Adresse) wird von Ihrem Browser direkt an einen Server von Instagram in die USA \u00fcbermittelt und dort gespeichert. Sind Sie bei Instagram eingeloggt, kann Instagram den Besuch unserer Internetseite Ihrem Instagram-Account unmittelbar zuordnen. Wenn Sie mit dem Plug-in interagieren, zum Beispiel das \u201eInstagram\u201c-Button bet\u00e4tigen, wird diese Information ebenfalls direkt an einen Server von Instagram \u00fcbermittelt und dort gespeichert. <br>Die Informationen werden au\u00dferdem auf Ihrem Instagram-Account ver\u00f6ffentlicht und dort Ihren Kontakten angezeigt. Zweck und Umfang der Datenerhebung und die weitere Verarbeitung und Nutzung der Daten durch Instagram sowie Ihre diesbez\u00fcglichen Rechte und Einstellungsm\u00f6glichkeiten zum Schutz Ihrer Privatsph\u00e4re entnehmen Sie bitte den Datenschutzhinweisen von Instagram: <a rel=\"noreferrer noopener\" href=\"https:\/\/help.instagram.com\/519522125107875\" target=\"_blank\">https:\/\/help.instagram.com\/519522125107875<\/a> <br>Wenn Sie nicht m\u00f6chten, dass Instagram die \u00fcber unseren Webauftritt gesammelten Daten unmittelbar Ihrem Instagram-Account zuordnet, m\u00fcssen Sie sich vor Ihrem Besuch unserer Internetseite bei Instagram ausloggen. <\/p>\n\n\n\n<p><strong>6. Eingebundene Dritt-Inhalte<\/strong><br>Wir binden auf unseren Seiten ggf. Inhalte Dritter wie Videos oder Kartenausschnitte ein.<\/p>\n\n\n\n<p><strong>YouTube-Player<\/strong><br>Unsere Internetseite nutzt ggf. eingebundene Videos von YouTube. Betreiber der Seiten ist Google Ireland Limited, Gordon House, Barrow Street, Dublin 4, Irland, ein Tochterunternehmen der Google LLC, 1600 Amphitheatre Parkway, Mountain View, CA 94043 USA. Wenn Sie eine unserer mit einem YouTube-Player ausgestatteten Seiten besuchen, wird bereits beim Laden der Seite eine Verbindung zu den Servern von YouTube\/Google hergestellt. Dabei wird dem Server mitgeteilt, welche unserer Seiten Sie besucht haben. Mit dem \u00d6ffnen dieser Seite erteilen Sie Ihre Einwilligung zur Daten\u00fcbermittlung in ein unsicheres Drittland (Ausnahme des \u00a7 10 Abs. 2, Nr. 1 DSG-EKD).<br>Wenn Sie in Ihrem Google-Account eingeloggt sind, erm\u00f6glichen Sie Google, Ihr Surfverhalten direkt Ihrem pers\u00f6nlichen Profil zuzuordnen. Dies k\u00f6nnen Sie verhindern, indem Sie sich aus Ihrem Google-Account ausloggen.<br>Weitere Informationen zum Umgang mit Nutzerdaten finden Sie in der Datenschutzerkl\u00e4rung von Google unter: <a rel=\"noreferrer noopener\" href=\"https:\/\/www.google.de\/intl\/de\/policies\/privacy\" target=\"_blank\">https:\/\/www.google.de\/intl\/de\/policies\/privacy<\/a><\/p>\n\n\n\n<p><strong>Vimeo-Player<\/strong><br>Unsere Website nutzt ggf. eingebundene Videos von Vimeo. Betreiber der Seite ist Vimeo Inc., 555 West 18th Street, New York 10011, USA. Wenn Sie eine unserer mit einem Vimeo-Player ausgestatteten Seiten besuchen, wird bereits beim Laden der Seite eine Verbindung zu den Servern von Vimeo hergestellt. Dabei wird dem Server mitgeteilt, welche unserer Seiten Sie besucht haben. Mit dem \u00d6ffnen dieser Seite erteilen Sie Ihre Einwilligung zur Daten\u00fcbermittlung.<br>Weitere Informationen zum Umgang mit Nutzerdaten finden Sie in der Datenschutzerkl\u00e4rung von Vimeo unter: <a rel=\"noreferrer noopener\" href=\"https:\/\/vimeo.com\/privacy\" target=\"_blank\">https:\/\/vimeo.com\/privacy<\/a><\/p>\n\n\n\n<p><strong>Kartendienst Google Maps<\/strong><br>Diese Internetseite verwendet das Produkt Google Maps von Google Inc. zur Routenplanung. Google Maps wird von Google LLC, 1600 Amphitheatre Parkway, Mountain View, CA 94043, USA betrieben. <br>Beim Aufruf einer unserer Seiten, in die eine Karte von Google Maps eingebunden ist, wird ein Cookie gesetzt. Hierdurch werden Ihre Nutzereinstellungen und Nutzerdaten zum Zwecke der Anzeige der Seite bzw. zur Gew\u00e4hrleistung der Funktionalit\u00e4t des Dienstes Google Maps verarbeitet. Durch diese Verarbeitung kann Google erkennen, von welcher Internetseite Ihre Anfrage gesendet worden ist und an welche IP-Adresse die Darstellung der Anfahrt \u00fcbermittelt werden soll.<br>Mit dem Aufruf einer Seite auf der Google Maps Karten eingebunden sind, erteilen Sie Ihre Einwilligung zu dieser Daten\u00fcbermittlung in ein unsicheres Drittland (Ausnahme des \u00a7 10 Abs. 2, Nr. 1 DSG-EKD). Wir verweisen auf das nicht angemessene Datenschutzniveau von Google Maps.<br>Ihre Einwilligung ist gem\u00e4\u00df \u00a7 11 Abs. 3 DSG-EKD jederzeit frei widerruflich. Sie k\u00f6nnen Ihre Einwilligung widerrufen, indem Sie die in Ihrem Browser gespeicherten Cookies l\u00f6schen. Hierdurch wird der Cookie gel\u00f6scht, in dem Ihre Einwilligung dokumentiert wurde.<br>Die Nutzungsbedingungen von Google Maps finden Sie hier: <a rel=\"noreferrer noopener\" href=\"https:\/\/www.google.com\/intl\/de_de\/help\/terms_maps.html\" target=\"_blank\">https:\/\/www.google.com\/intl\/de_de\/help\/terms_maps.html<\/a> <\/p>\n\n\n\n<p><a><strong>7. Externe Schriftarten<\/strong><\/a><strong><\/strong><\/p>\n\n\n\n<p><strong>Google Fonts<\/strong><br>Auf dieser Webseite werden ggf. externe Schriften, Google Fonts verwendet. Google Fonts ist ein Dienst der Google LLC., 1600 Amphitheatre Parkway, Mountain View, CA 94043, USA. Die Einbindung dieser Web Fonts erfolgt durch einen Serveraufruf, in der Regel ein Server von Google in den USA. Hierdurch wird an den Server \u00fcbermittelt, welche unserer Internetseiten Sie besucht haben. Auch wird die IP-Adresse des Browsers des Endger\u00e4tes des Besuchers dieser Internetseiten von Google gespeichert. N\u00e4here Informationen finden Sie in den Datenschutzhinweisen von Google, die Sie hier abrufen k\u00f6nnen:<br><a rel=\"noreferrer noopener\" href=\"https:\/\/www.google.com\/fonts#AboutPlace:about\" target=\"_blank\">www.google.com\/fonts#AboutPlace:about<\/a><br><a rel=\"noreferrer noopener\" href=\"https:\/\/www.google.com\/policies\/privacy\/\" target=\"_blank\">www.google.com\/policies\/privacy\/<\/a> <\/p>\n\n\n\n<p><strong>fonts.com<\/strong><br>Diese Website verwendet ggf. Schriftschnitte von Fonts.com, einem Schriftarten-Dienst der Monotype Imaging Holdings Inc. mit Sitz in 600 Unicorn Park Drive Woburn, MA 01801 USA. Die Schriftarten wurden lokal installiert und werden nicht von einem Fonts.com-Server geladen. Ein Trackingcode des Webfonts ist nicht eingebunden, es werden keine personenbezogenen Daten erhoben, verarbeitet oder gespeichert.<br>Ausf\u00fchrliche Detailinformationen dazu k\u00f6nnen Sie von der Monotype GmbH erhalten, siehe&nbsp;<a rel=\"noreferrer noopener\" href=\"https:\/\/www.novo-argumente.com\/?URL=https%3A%2F%2Fwww.monotype.com%2Flegal%2Fprivacy-policy%2Fweb-font-tracking-privacy-policy%2F\" target=\"_blank\">https:\/\/www.monotype.com\/legal\/privacy-policy\/web-font-tracking-privacy-policy\/<\/a>.<\/p>\n\n\n\n<p><strong>8. \u00dcbermittlung personenbezogener Daten au\u00dferhalb der EU<\/strong><br>Bei der Nutzung der oben genannten Dienste von Google, Facebook und Twitter besteht die M\u00f6glichkeit, dass personenbezogene Daten der Nutzer in den USA verarbeitet werden. F\u00fcr die Verarbeitung von personenbezogenen Daten durch Unternehmen in den USA wurde der gebotene Schutz \u201eEU-US-Privacy Shield\u201c durch den Europ\u00e4ischen Gerichtshof (EuGH) mit seiner Entscheidung vom 16.07.2020 der Beschluss 2016\/1250 der EU-Kommission f\u00fcr ung\u00fcltig erkl\u00e4rt. <a>Die \u00dcbermittlung personenbezogener Daten an solche Unternehmen ist somit derzeit nur zul\u00e4ssig anhand Ihrer Einwilligung gem\u00e4\u00df \u00a7 10 Abs. 2, Nr. 1 DSG-EKD.<\/a><\/p>\n\n\n\n<p><strong>9. TLS (SSL)-Verschl\u00fcsselung<\/strong><br>Diese Seite nutzt aus Gr\u00fcnden der Sicherheit und zum Schutz der \u00dcbertragung vertraulicher Inhalte, wie zum Beispiel der Anfragen, die Sie an uns als Seitenbetreiber senden, eine TLS-Verschl\u00fcsselung. Eine verschl\u00fcsselte Verbindung erkennen Sie daran, dass die Adresszeile des Browsers von &#8222;http:\/\/&#8220; auf &#8222;https:\/\/&#8220; wechselt und an dem Schloss-Symbol in Ihrer Browserzeile.<br>Wenn die TLS-Verschl\u00fcsselung aktiviert ist, k\u00f6nnen die Daten, die Sie an uns \u00fcbermitteln, nicht von Dritten mitgelesen werden.<\/p>\n\n\n\n<p><strong>10. Links zu Webseiten anderer Anbieter<\/strong><br>Unser Online-Angebot enth\u00e4lt Links zu Webseiten anderer Anbieter. Wir haben keinen Einfluss darauf, dass diese Anbieter die Datenschutzbestimmungen einhalten.<\/p>\n\n\n\n<p> <strong>11. Ihre Rechte<\/strong> <br>Sie haben das Recht,<\/p>\n\n\n\n<ul class=\"wp-block-list\"><li>Auskunft (\u00a7 19 DSG-EKD) \u00fcber Ihre bei uns gespeicherten Daten zu erhalten.<\/li><li>dass unrichtige Daten \u00fcber Sie bei uns berichtigt (\u00a7 20 DSG-EKD) werden.<\/li><li>dass nicht mehr erforderliche Daten \u00fcber Sie bei uns gel\u00f6scht (\u00a7 21 DSG-EKD) werden.<\/li><li>dass unter bestimmten Bedingungen die Verarbeitung Ihrer Daten eingeschr\u00e4nkt (\u00a7 22 DSG-EKD) wird. Das kann beispielsweise der Fall sein, wenn z.&nbsp;B. eine L\u00f6schung nicht m\u00f6glich ist, die Daten aber nicht weiterverarbeitet werden d\u00fcrfen.<\/li><li>dass Ihre Daten \u00fcbertragbar (\u00a7 24 DSG-EKD)&nbsp;sind. Dieses Recht gilt insbesondere dann, wenn Sie zur Verarbeitung Ihrer Daten eine Einwilligung gegeben haben ober wenn die Verarbeitung der Daten notwendig ist, um einen Vertrag zu erf\u00fcllen. Das Recht auf Daten\u00fcbertragbarkeit besteht nicht, soweit Ihre Daten im Rahmen der gesetzlichen Aufgabenerf\u00fcllung der <strong>Evangelische Paulusgemeinde Raunheim <\/strong>verarbeitet werden.<\/li><li>in einer besonderen Situation der weiteren Verarbeitung Ihrer personenbezogenen Daten zu widersprechen (\u00a7 25 DSG-EKD), soweit dies durch die Wahrnehmung \u00f6ffentlicher Aufgaben oder \u00f6ffentlicher sowie privater Interessen gerechtfertigt ist.<\/li><li>sich bei der zust\u00e4ndigen Aufsichtsbeh\u00f6rde zu beschweren (\u00a7 46 DSG-EKD), wenn Sie der Meinung sind, dass die Verarbeitung Ihrer Daten gegen die gesetzlichen Vorgaben verst\u00f6\u00dft.<\/li><\/ul>\n\n\n\n<p><strong>Der Datenschutzbeauftragte f\u00fcr den Datenschutz der Evangelischen Kirchen in Deutschland<\/strong><br>Die Aufsicht \u00fcber die Einhaltung der Vorschriften zum Datenschutz obliegt im kirchlichen Bereich dem Beauftragten f\u00fcr den Datenschutz der EKD. <br>F\u00fcr den Bereich der Evangelischen Kirche in Hessen und Nassau (EKHN) ist zust\u00e4ndig<br><br>Der Beauftragte f\u00fcr den Datenschutz der EKD, <br>Au\u00dfenstelle Dortmund f\u00fcr die Datenschutzregion Mitte-West <br>Friedhof 4, 44135 Dortmund<br>Telefon 0231 533827-0<br>E-Mail: mitte-west@datenschutz.ekd.de <\/p>\n\n\n\n<p><strong>12. \u00c4nderungen dieser Datenschutzerkl\u00e4rung<\/strong><br>Wir behalten uns vor, die Datenschutzerkl\u00e4rung zu \u00e4ndern, um sie an ge\u00e4nderte Rechtslagen, oder bei \u00c4nderungen des Dienstes sowie der Datenverarbeitung anzupassen. Dies gilt jedoch nur im Hinblick auf Erkl\u00e4rungen zur Datenverarbeitung. Sofern Ihre Einwilligungen erforderlich sind oder Bestandteile der Datenschutzerkl\u00e4rung Regelungen des Vertragsverh\u00e4ltnisses mit Ihnen enthalten, erfolgen die \u00c4nderungen nur mit Ihrer Zustimmung.<\/p>\n\n\n\n<p>Sie werden gebeten, sich regelm\u00e4\u00dfig \u00fcber\nden Inhalt der Datenschutzerkl\u00e4rung zu informieren.<\/p>\n\n\n\n<p>Stand: 06.12.2020<\/p>\n","protected":false},"excerpt":{"rendered":"<p>der Evangelischen Paulusgemeinde Raunheimwww.paulusgemeinde-raunheim.de Die Evangelische Paulusgemeinde Raunheim nimmt als Einrichtung der Evangelischen Kirche in Hessen und Nassau (EKHN) den Schutz Ihrer pers\u00f6nlichen Daten sehr ernst und behandeln Ihre personenbezogenen &hellip; <a href=\"https:\/\/paulusgemeinde-raunheim.de\/?page_id=718\" class=\"more-link\"><span class=\"screen-reader-text\">Datenschutzerkl\u00e4rung<\/span> weiterlesen <span class=\"meta-nav\">&rarr;<\/span><\/a><\/p>\n","protected":false},"author":1,"featured_media":0,"parent":0,"menu_order":0,"comment_status":"closed","ping_status":"closed","template":"","meta":{"footnotes":""},"class_list":["post-718","page","type-page","status-publish","hentry"],"_links":{"self":[{"href":"https:\/\/paulusgemeinde-raunheim.de\/index.php?rest_route=\/wp\/v2\/pages\/718","targetHints":{"allow":["GET"]}}],"collection":[{"href":"https:\/\/paulusgemeinde-raunheim.de\/index.php?rest_route=\/wp\/v2\/pages"}],"about":[{"href":"https:\/\/paulusgemeinde-raunheim.de\/index.php?rest_route=\/wp\/v2\/types\/page"}],"author":[{"embeddable":true,"href":"https:\/\/paulusgemeinde-raunheim.de\/index.php?rest_route=\/wp\/v2\/users\/1"}],"replies":[{"embeddable":true,"href":"https:\/\/paulusgemeinde-raunheim.de\/index.php?rest_route=%2Fwp%2Fv2%2Fcomments&post=718"}],"version-history":[{"count":3,"href":"https:\/\/paulusgemeinde-raunheim.de\/index.php?rest_route=\/wp\/v2\/pages\/718\/revisions"}],"predecessor-version":[{"id":721,"href":"https:\/\/paulusgemeinde-raunheim.de\/index.php?rest_route=\/wp\/v2\/pages\/718\/revisions\/721"}],"wp:attachment":[{"href":"https:\/\/paulusgemeinde-raunheim.de\/index.php?rest_route=%2Fwp%2Fv2%2Fmedia&parent=718"}],"curies":[{"name":"wp","href":"https:\/\/api.w.org\/{rel}","templated":true}]}}