{"id":789,"date":"2021-01-23T20:13:39","date_gmt":"2021-01-23T19:13:39","guid":{"rendered":"https:\/\/paulusgemeinde-raunheim.de\/?page_id=789"},"modified":"2021-06-24T12:13:31","modified_gmt":"2021-06-24T10:13:31","slug":"kirchenvorstandswahl","status":"publish","type":"page","link":"https:\/\/paulusgemeinde-raunheim.de\/?page_id=789","title":{"rendered":"Kirchenvorstandswahl am Sonntag, 13. Juni 2021"},"content":{"rendered":"\n<h2 class=\"wp-block-heading\"><span style=\"color:#a30900\" class=\"has-inline-color\">Endergebis KV-Wahl vom 13.06.2021<\/span><br><\/h2>\n\n\n\n<p>Der Wahlvorstand hat die Wahl ausgez\u00e4hlt und das vorl\u00e4ufige Wahlergebnis festgestellt. (Siehe unten)<br>Der noch amtierende Kirchenvorstand hat in seiner Sitzung am Mittwoch, dem 16.06.2021 die \u00fcbergebenen Wahlmaterialien und den Ausz\u00e4hlungsergebnissen des Wahlvorstandes erhalten, gepr\u00fcft und keine Unregelm\u00e4\u00dfigkeiten festgestellt.  Auch sind den Mitglieder des KV keine Unregelm\u00e4\u00dfigkeiten zu Ohren gekommen. <br>Der Kirchenvorstand dankt den Mitgliedern des Wahlvorstandes!<\/p>\n\n\n\n<p>Der Kirchenvorstand hat daraufhin einstimmig das vorl\u00e4ufige Wahlergebnis als endg\u00fcltiges Wahlergebnis festgestellt. besch\u00e4ftigen Am Sonntag, dem 20.06.2021 ist im Gottesdienst um 10 Uhr in der Kirche am Stadtzentrum das Ergebnis der Wahl verlesen worden und in den Schauk\u00e4sten ausgeh\u00e4ngt.<\/p>\n\n\n\n<p>Das Wahlergebnis kann beim Pfarramt I, Pfarrer Merten, bis 14 Tage eingesehen werden. Einspr\u00fcche m\u00fcssen innerhalb von 7 Tagen nach Bekanntgabe am 20.06.2021  bei Kirchenvorstand schriftlich eingelegt werden. Weitere Informationen unterhalb des Endergebnisses. <\/p>\n\n\n\n<figure class=\"wp-block-table is-style-stripes\"><table><tbody><tr><td>Wahlberechtigte<\/td><td>1934<\/td><td>100%<\/td><\/tr><tr><td>Abgegebene Stimmen<\/td><td>422<\/td><td>21,82%<\/td><\/tr><tr><td>G\u00fcltige Stimmen<\/td><td>416<\/td><td>98,58%<\/td><\/tr><tr><td>Ung\u00fcltige Stimmen<\/td><td>6<\/td><td>1,42%<\/td><\/tr><\/tbody><\/table><figcaption>Wahlbeteiligung etc. <\/figcaption><\/figure>\n\n\n\n<div class=\"wp-block-columns is-layout-flex wp-container-core-columns-is-layout-9d6595d7 wp-block-columns-is-layout-flex\">\n<div class=\"wp-block-column is-layout-flow wp-block-column-is-layout-flow\" style=\"flex-basis:100%\">\n<p><strong>Gew\u00e4hlt wurden (Alphabetisch)<\/strong><\/p>\n\n\n\n<p>Asal, Bernhard<br>Becker, Wolfgang<br>Gawlik, Marina<br>Hesse, Marco<br>Koser, Daniela<br>Krause, Ines<br>Oestereich, Andrea<br>Schauwienold, Martina<br>Schneider, Irmtraud<br>Schneider, Karl Heinz<br>Schoppet-Fender, Ulrike<br>Warneke, Heinz<\/p>\n\n\n\n<p><strong>Nicht gew\u00e4hlt wurden (Alphabetisch)<\/strong><\/p>\n\n\n\n<p>Anagu, Charles<br>Krause, Alexandra<br>Steli, Katharina<br>Walloschek, Frank<br>Wolf, Reinhold<\/p>\n\n\n\n<p><strong>Gew\u00e4hlte Jugendmitglieder (Alphabetisch)<\/strong><\/p>\n\n\n\n<p>Felbinger, Lena<br>Terweiden, Paula<\/p>\n\n\n\n<hr class=\"wp-block-separator is-style-wide\"\/>\n<\/div>\n<\/div>\n\n\n\n<p><strong>Einspr\u00fcche<\/strong> k\u00f6nnen innerhalb einer Woche nach der Bekanntgabe am 20.06.2021 beim Kirchenvorstand SCHRIFTLICH abgegeben werden. (Siehe Rechtsgrundlage nachstehend)<\/p>\n\n\n\n<p><strong>Rechtsgrundlage: Kirchengemeindewahlordnung <\/strong><br><strong>(<\/strong><a href=\"http:\/\/www.kirchenrecht-ekhn.de\/\"><strong>www.kirchenrecht-ekhn.de<\/strong><\/a><strong> => Nr. 11)<\/strong><\/p>\n\n\n\n<p><strong>\u00a7 22 Bekanntgabe des Wahlergebnisses und Rechtsmittel &#8211; KGWO.<\/strong><\/p>\n\n\n\n<div class=\"wp-block-group\"><div class=\"wp-block-group__inner-container is-layout-flow wp-block-group-is-layout-flow\">\n<p><em>(1) Die Gew\u00e4hlten sind in alphabetischer Reihenfolge im Gottesdienst und auf andere geeignete Weise bekannt zu geben. Das Wahlprotokoll und das endg\u00fcltige Wahlergebnis sind zwei Wochen \u00f6ffentlich auszulegen. Hierauf ist im Gottesdienst und auf andere geeignete Weise hinzuweisen. <br>(2) Gegen das Wahlergebnis kann jedes wahlberechtigte Gemeindemitglied binnen einer Woche nach Bekanntgabe im Gottesdienst schriftlich beim Kirchenvorstand Einspruch erheben. Der Einspruch kann nur auf M\u00e4ngel des Verfahrens zur Aufstellung des Wahlvorschlags oder des Wahlverfahrens oder auf Einwendungen gegen die W\u00e4hlbarkeit einer gew\u00e4hlten Kandidatin oder eines gew\u00e4hlten Kandidaten gest\u00fctzt werden. Auf die Einspruchsm\u00f6glichkeit ist bei der Bekanntgabe des Wahlergebnisses hinzuweisen.<br>( 3 ) Der Kirchenvorstand hat Einspr\u00fcche mit seiner Stellungnahme dem Dekanatssynodalvorstand unverz\u00fcglich zur Entscheidung vorzulegen. War eine Kandidatin oder ein Kandidat nicht w\u00e4hlbar, ist ihre oder seine Wahl f\u00fcr ung\u00fcltig zu erkl\u00e4ren. Bei M\u00e4ngeln im Verfahren zur Aufstellung des Wahlvorschlags oder im Wahlverfahren, die f\u00fcr das Ergebnis der Wahl von Einfluss gewesen sein k\u00f6nnen, ist die Wahl ganz oder teilweise f\u00fcr ung\u00fcltig zu erkl\u00e4ren. Bei Berechnungs- oder Z\u00e4hlfehlern ist das Wahlergebnis neu festzustellen.<br>( 4 ) Die Entscheidung des Dekanatssynodalvorstandes ist den Beteiligten schriftlich bekannt zu geben.<br>( 5 ) Gegen die Entscheidung des Dekanatssynodalvorstandes ist binnen einer Frist von zwei Wochen nach Mitteilung der Entscheidung Klage beim Kirchlichen Verfassungs- und Verwaltungsgericht zul\u00e4ssig. Ein Beschwerdeverfahren findet nicht statt. Die Klage hat keine aufschiebende Wirkung. Beschl\u00fcsse des Kirchenvorstandes, die vor der Rechtskraft der Entscheidung \u00fcber die G\u00fcltigkeit der Wahl gefasst worden sind, werden in ihrer Rechtswirksamkeit durch die Ung\u00fcltigkeitserkl\u00e4rung der Wahl des gesamten Kirchenvorstandes oder einzelner seiner Mitglieder nicht ber\u00fchrt.<\/em><\/p>\n<\/div><\/div>\n","protected":false},"excerpt":{"rendered":"<p>Endergebis KV-Wahl vom 13.06.2021 Der Wahlvorstand hat die Wahl ausgez\u00e4hlt und das vorl\u00e4ufige Wahlergebnis festgestellt. (Siehe unten)Der noch amtierende Kirchenvorstand hat in seiner Sitzung am Mittwoch, dem 16.06.2021 die \u00fcbergebenen &hellip; <a href=\"https:\/\/paulusgemeinde-raunheim.de\/?page_id=789\" class=\"more-link\"><span class=\"screen-reader-text\">Kirchenvorstandswahl am Sonntag, 13. Juni 2021<\/span> weiterlesen <span class=\"meta-nav\">&rarr;<\/span><\/a><\/p>\n","protected":false},"author":1,"featured_media":0,"parent":0,"menu_order":0,"comment_status":"closed","ping_status":"closed","template":"","meta":{"footnotes":""},"class_list":["post-789","page","type-page","status-publish","hentry"],"_links":{"self":[{"href":"https:\/\/paulusgemeinde-raunheim.de\/index.php?rest_route=\/wp\/v2\/pages\/789","targetHints":{"allow":["GET"]}}],"collection":[{"href":"https:\/\/paulusgemeinde-raunheim.de\/index.php?rest_route=\/wp\/v2\/pages"}],"about":[{"href":"https:\/\/paulusgemeinde-raunheim.de\/index.php?rest_route=\/wp\/v2\/types\/page"}],"author":[{"embeddable":true,"href":"https:\/\/paulusgemeinde-raunheim.de\/index.php?rest_route=\/wp\/v2\/users\/1"}],"replies":[{"embeddable":true,"href":"https:\/\/paulusgemeinde-raunheim.de\/index.php?rest_route=%2Fwp%2Fv2%2Fcomments&post=789"}],"version-history":[{"count":13,"href":"https:\/\/paulusgemeinde-raunheim.de\/index.php?rest_route=\/wp\/v2\/pages\/789\/revisions"}],"predecessor-version":[{"id":943,"href":"https:\/\/paulusgemeinde-raunheim.de\/index.php?rest_route=\/wp\/v2\/pages\/789\/revisions\/943"}],"wp:attachment":[{"href":"https:\/\/paulusgemeinde-raunheim.de\/index.php?rest_route=%2Fwp%2Fv2%2Fmedia&parent=789"}],"curies":[{"name":"wp","href":"https:\/\/api.w.org\/{rel}","templated":true}]}}