{"id":986,"date":"2021-08-20T18:51:51","date_gmt":"2021-08-20T16:51:51","guid":{"rendered":"https:\/\/paulusgemeinde-raunheim.de\/?page_id=986"},"modified":"2024-03-02T13:39:37","modified_gmt":"2024-03-02T12:39:37","slug":"kita-morgenstern-kuendigung-des-vertrags-mit-der-stadt-raunheim-zum-30-09-2022","status":"publish","type":"page","link":"https:\/\/paulusgemeinde-raunheim.de\/?page_id=986","title":{"rendered":"2021.08: Kita Morgenstern &#8211; K\u00fcndigung des Vertrags mit der Stadt Raunheim  zum 30.09.2022"},"content":{"rendered":"\n<p>Beigef\u00fcgt k\u00f6nnen Sie die ausf\u00fchrliche Pressemitteilung der Paulus-gemeinde vom 18.08.2021 zum Thema der Kita Morgenstern lesen<\/p>\n\n\n<a href=\"https:\/\/paulusgemeinde-raunheim.de\/wp-content\/uploads\/2021\/08\/Evangelische-Paulusgemeinde-Pressemitteilung-210801-Kitas.pdf\" class=\"pdfemb-viewer\" style=\"\" data-width=\"max\" data-height=\"max\" data-toolbar=\"top\" data-toolbar-fixed=\"off\">Evangelische-Paulusgemeinde-Pressemitteilung-210801-Kitas<\/a>\n<p class=\"wp-block-pdfemb-pdf-embedder-viewer\"><\/p>\n\n\n\n<div class=\"wp-block-buttons is-layout-flex wp-block-buttons-is-layout-flex\">\n<div class=\"wp-block-button\"><a class=\"wp-block-button__link\" href=\"https:\/\/paulusgemeinde-raunheim.de\/wp-content\/uploads\/2021\/08\/Evangelische-Paulusgemeinde-Pressemitteilung-210801-Kitas.pdf\" target=\"_blank\" rel=\"noreferrer noopener\">Pressemitteilung als PDF Downloaden<\/a><\/div>\n<\/div>\n\n\n\n<p><\/p>\n","protected":false},"excerpt":{"rendered":"<p>Beigef\u00fcgt k\u00f6nnen Sie die ausf\u00fchrliche Pressemitteilung der Paulus-gemeinde vom 18.08.2021 zum Thema der Kita Morgenstern lesen<\/p>\n","protected":false},"author":1,"featured_media":0,"parent":0,"menu_order":0,"comment_status":"closed","ping_status":"closed","template":"","meta":{"footnotes":""},"class_list":["post-986","page","type-page","status-publish","hentry"],"_links":{"self":[{"href":"https:\/\/paulusgemeinde-raunheim.de\/index.php?rest_route=\/wp\/v2\/pages\/986","targetHints":{"allow":["GET"]}}],"collection":[{"href":"https:\/\/paulusgemeinde-raunheim.de\/index.php?rest_route=\/wp\/v2\/pages"}],"about":[{"href":"https:\/\/paulusgemeinde-raunheim.de\/index.php?rest_route=\/wp\/v2\/types\/page"}],"author":[{"embeddable":true,"href":"https:\/\/paulusgemeinde-raunheim.de\/index.php?rest_route=\/wp\/v2\/users\/1"}],"replies":[{"embeddable":true,"href":"https:\/\/paulusgemeinde-raunheim.de\/index.php?rest_route=%2Fwp%2Fv2%2Fcomments&post=986"}],"version-history":[{"count":5,"href":"https:\/\/paulusgemeinde-raunheim.de\/index.php?rest_route=\/wp\/v2\/pages\/986\/revisions"}],"predecessor-version":[{"id":1700,"href":"https:\/\/paulusgemeinde-raunheim.de\/index.php?rest_route=\/wp\/v2\/pages\/986\/revisions\/1700"}],"wp:attachment":[{"href":"https:\/\/paulusgemeinde-raunheim.de\/index.php?rest_route=%2Fwp%2Fv2%2Fmedia&parent=986"}],"curies":[{"name":"wp","href":"https:\/\/api.w.org\/{rel}","templated":true}]}}